{"id":146,"date":"2023-03-28T21:58:53","date_gmt":"2023-03-28T21:58:53","guid":{"rendered":"https:\/\/www.mygreenplace.pl\/?page_id=146"},"modified":"2023-05-07T15:22:51","modified_gmt":"2023-05-07T15:22:51","slug":"kalkulatory","status":"publish","type":"page","link":"https:\/\/www.mygreenplace.pl\/?page_id=146","title":{"rendered":"Kalkulatory"},"content":{"rendered":"\n<p>W tej kategorii b\u0119d\u0105 pojawia\u0107 si\u0119 kalkulatory kt\u00f3re u\u0142atwi\u0105 na pewno nie jednemu obliczenia w r\u00f3\u017cnych aspektach ogrodu.<\/p>\n\n\n\n<ul>\n<li><a href=\"https:\/\/www.mygreenplace.pl\/?page_id=199\" data-type=\"URL\" data-id=\"https:\/\/www.mygreenplace.pl\/?page_id=199\">Nawodnienie ogrodu<\/a><\/li>\n\n\n\n<li><a href=\"https:\/\/www.mygreenplace.pl\/?page_id=150\" data-type=\"URL\" data-id=\"https:\/\/www.mygreenplace.pl\/?page_id=150\">Nawodnienie kwiat\u00f3w<\/a><\/li>\n<\/ul>\n\n\n\n<p><\/p>\n\n\n\n<p><\/p>\n","protected":false},"excerpt":{"rendered":"<p>W tej kategorii b\u0119d\u0105 pojawia\u0107 si\u0119 kalkulatory kt\u00f3re u\u0142atwi\u0105 na pewno nie jednemu obliczenia w r\u00f3\u017cnych aspektach ogrodu.<\/p>\n","protected":false},"author":1,"featured_media":0,"parent":0,"menu_order":0,"comment_status":"closed","ping_status":"closed","template":"","meta":{"footnotes":""},"_links":{"self":[{"href":"https:\/\/www.mygreenplace.pl\/index.php?rest_route=\/wp\/v2\/pages\/146"}],"collection":[{"href":"https:\/\/www.mygreenplace.pl\/index.php?rest_route=\/wp\/v2\/pages"}],"about":[{"href":"https:\/\/www.mygreenplace.pl\/index.php?rest_route=\/wp\/v2\/types\/page"}],"author":[{"embeddable":true,"href":"https:\/\/www.mygreenplace.pl\/index.php?rest_route=\/wp\/v2\/users\/1"}],"replies":[{"embeddable":true,"href":"https:\/\/www.mygreenplace.pl\/index.php?rest_route=%2Fwp%2Fv2%2Fcomments&post=146"}],"version-history":[{"count":7,"href":"https:\/\/www.mygreenplace.pl\/index.php?rest_route=\/wp\/v2\/pages\/146\/revisions"}],"predecessor-version":[{"id":320,"href":"https:\/\/www.mygreenplace.pl\/index.php?rest_route=\/wp\/v2\/pages\/146\/revisions\/320"}],"wp:attachment":[{"href":"https:\/\/www.mygreenplace.pl\/index.php?rest_route=%2Fwp%2Fv2%2Fmedia&parent=146"}],"curies":[{"name":"wp","href":"https:\/\/api.w.org\/{rel}","templated":true}]}}