{"id":150,"date":"2023-03-28T22:13:41","date_gmt":"2023-03-28T22:13:41","guid":{"rendered":"https:\/\/www.mygreenplace.pl\/?page_id=150"},"modified":"2023-05-07T19:33:29","modified_gmt":"2023-05-07T19:33:29","slug":"kalkulator-nawozowy","status":"publish","type":"page","link":"https:\/\/www.mygreenplace.pl\/?page_id=150","title":{"rendered":"Nawodnienie kwiat\u00f3w"},"content":{"rendered":"\n<p>Oblicz na podstawie ilo\u015bci danych kwiat\u00f3w, ilo\u015b\u0107 dziennej wody potrzebnej do ich podlania przy uwzgl\u0119dnieniu \u015bredniej temperatury 20\u00b0C<\/p>\n\n\n\n<?php\n\/*\nTemplate Name: Kalkulator nawodnienia dla konkretnych kwiat\u00f3w\n*\/\n\nget_header(); ?>\n\n<div class=\"flower-water-calculator\">\n  <h3>Kalkulator<\/h3>\n  <div class=\"flower-row\">\n    <label for=\"rose\">1. R\u00f3\u017ca<\/label>\n    <input type=\"number\" id=\"rose\" min=\"0\">\n  <\/div>\n  <div class=\"flower-row\">\n    <label for=\"iris\">2. Irys<\/label>\n    <input type=\"number\" id=\"iris\" min=\"0\">\n  <\/div>\n <div class=\"flower-row\">\n    <label for=\"daisy\">3. Stokrotka<\/label>\n    <input type=\"number\" id=\"daisy\" min=\"0\">\n  <\/div>\n  <div class=\"flower-row\">\n    <label for=\"violet\">4. Fio\u0142ek<\/label>\n    <input type=\"number\" id=\"violet\" min=\"0\">\n  <\/div>\n<div class=\"flower-row\">\n    <label for=\"hyacinth\">5. Hiacynt<\/label>\n    <input type=\"number\" id=\"hyacinth\" min=\"0\">\n  <\/div>\n  <div class=\"flower-row\">\n    <label for=\"tulip\">6. Tulipan<\/label>\n    <input type=\"number\" id=\"tulip\" min=\"0\">\n  <\/div>\n<div class=\"flower-row\">\n    <label for=\"daffodil\">7. Narcyz<\/label>\n    <input type=\"number\" id=\"daffodil\" min=\"0\">\n  <\/div>\n  <div class=\"flower-row\">\n    <label for=\"carnation\">8. Go\u017adzik<\/label>\n    <input type=\"number\" id=\"carnation\" min=\"0\">\n  <\/div>\n<div class=\"flower-row\">\n    <label for=\"lily\">9. Lilia<\/label>\n    <input type=\"number\" id=\"lily\" min=\"0\">\n  <\/div>\n  <div class=\"flower-row\">\n    <label for=\"dahlia\">10. Dalia<\/label>\n    <input type=\"number\" id=\"dahlia\" min=\"0\">\n  <\/div>\n<div class=\"flower-row\">\n    <label for=\"chrysanthemum\">11. Chryzantema<\/label>\n    <input type=\"number\" id=\"chrysanthemum\" min=\"0\">\n  <\/div>\n  <div class=\"flower-row\">\n    <label for=\"hydrangea\">12. Hortensja<\/label>\n    <input type=\"number\" id=\"hydrangea\" min=\"0\">\n  <\/div>\n  <button onclick=\"calculateWaterUsage()\">Oblicz<\/button>\n  <p id=\"result\"><\/p>\n<\/div>\n\n<script>\nfunction calculateWaterUsage() {\n  var rose = document.getElementById(\"rose\").value || 0;\n  var iris = document.getElementById(\"iris\").value || 0;\n  var daisy = document.getElementById(\"daisy\").value || 0;\n  var violet = document.getElementById(\"violet\").value || 0;\n  var hyacinth = document.getElementById(\"hyacinth\").value || 0;\n  var tulip = document.getElementById(\"tulip\").value || 0;\n  var daffodil = document.getElementById(\"daffodil\").value || 0;\n  var carnation = document.getElementById(\"carnation\").value || 0;\n  var lily = document.getElementById(\"lily\").value || 0;\n  var dahlia = document.getElementById(\"dahlia\").value || 0;\n  var chrysanthemum = document.getElementById(\"chrysanthemum\").value || 0;\n  var hydrangea = document.getElementById(\"hydrangea\").value || 0;\n\n  var roseWaterUsage = rose * 0.5;\n  var irisWaterUsage = iris * 0.4;\n  var daisyWaterUsage = daisy * 0.2;\n  var violetWaterUsage = violet * 0.1;\n  var hyacinthWaterUsage = hyacinth * 0.4;\n  var tulipWaterUsage = tulip * 0.2;\n  var daffodilWaterUsage = daffodil * 0.3;\n  var carnationWaterUsage = carnation * 0.15;\n  var lilyWaterUsage = lily * 0.5;\n  var dahliaWaterUsage = dahlia * 0.25;\n  var chrysanthemumWaterUsage = chrysanthemum * 0.4;\n  var hydrangeaWaterUsage = hydrangea * 0.35;\n\n  var totalWaterUsage = roseWaterUsage + irisWaterUsage + daisyWaterUsage + violetWaterUsage + hyacinthWaterUsage + tulipWaterUsage + daffodilWaterUsage + carnationWaterUsage + lilyWaterUsage + dahliaWaterUsage + chrysanthemumWaterUsage + hydrangeaWaterUsage;\n\n  document.getElementById(\"result\").innerHTML = \"Dziennie potrzebujesz \" + totalWaterUsage.toFixed(2) + \" litr\u00f3w wody do podlania wybranych kwiat\u00f3w\";\n}\n<\/script>\n\n<?php get_footer(); ?>\n\n<style>\n.flower-water-calculator {\n  max-width: 500px;\n  margin: 0 auto;\n}\n\n.flower-water-calculator h2 {\n  font-size: 24px;\n  margin-bottom: 20px;\n}\n\n.flower-water-calculator table {\n  width: 100%;\n  border-collapse: collapse;\n  margin-bottom: 20px;\n}\n\n.flower-water-calculator table th,\n.flower-water-calculator table td {\n  padding: 10px;\n  border: 1px solid #ccc;\n}\n\n.flower-water-calculator table th {\n  background-color: #f2f2f2;\n  font-weight: bold;\n}\n\n.flower-water-calculator table input[type=\"number\"] {\n  width: 100%;\n  padding: 5px;\n  border: none;\n  text-align: center;\n}\n\n.flower-water-calculator button {\n  background-color: #4CAF50;\n  color: white;\n  padding: 10px;\n  border: none;\n  cursor: pointer;\n  transition: background-color 0.3s;\n}\n\n.flower-water-calculator button:hover {\n  background-color: #3E8E41;\n}\n\n.flower-water-calculator p#result {\n  font-weight: bold;\n  font-size: 18px;\n}\n<\/style>\n","protected":false},"excerpt":{"rendered":"<p>Oblicz na podstawie ilo\u015bci danych kwiat\u00f3w, ilo\u015b\u0107 dziennej wody potrzebnej do ich podlania przy uwzgl\u0119dnieniu \u015bredniej temperatury 20\u00b0C Kalkulator 1. R\u00f3\u017ca 2. Irys 3. Stokrotka 4. Fio\u0142ek 5. Hiacynt 6. &hellip; <\/p>\n","protected":false},"author":1,"featured_media":0,"parent":146,"menu_order":0,"comment_status":"closed","ping_status":"closed","template":"","meta":{"footnotes":""},"_links":{"self":[{"href":"https:\/\/www.mygreenplace.pl\/index.php?rest_route=\/wp\/v2\/pages\/150"}],"collection":[{"href":"https:\/\/www.mygreenplace.pl\/index.php?rest_route=\/wp\/v2\/pages"}],"about":[{"href":"https:\/\/www.mygreenplace.pl\/index.php?rest_route=\/wp\/v2\/types\/page"}],"author":[{"embeddable":true,"href":"https:\/\/www.mygreenplace.pl\/index.php?rest_route=\/wp\/v2\/users\/1"}],"replies":[{"embeddable":true,"href":"https:\/\/www.mygreenplace.pl\/index.php?rest_route=%2Fwp%2Fv2%2Fcomments&post=150"}],"version-history":[{"count":120,"href":"https:\/\/www.mygreenplace.pl\/index.php?rest_route=\/wp\/v2\/pages\/150\/revisions"}],"predecessor-version":[{"id":553,"href":"https:\/\/www.mygreenplace.pl\/index.php?rest_route=\/wp\/v2\/pages\/150\/revisions\/553"}],"up":[{"embeddable":true,"href":"https:\/\/www.mygreenplace.pl\/index.php?rest_route=\/wp\/v2\/pages\/146"}],"wp:attachment":[{"href":"https:\/\/www.mygreenplace.pl\/index.php?rest_route=%2Fwp%2Fv2%2Fmedia&parent=150"}],"curies":[{"name":"wp","href":"https:\/\/api.w.org\/{rel}","templated":true}]}}